{"id":319,"date":"2025-08-10T10:41:02","date_gmt":"2025-08-10T10:41:02","guid":{"rendered":"https:\/\/www.casadaschaves.com\/?page_id=319"},"modified":"2025-08-10T10:49:05","modified_gmt":"2025-08-10T10:49:05","slug":"ral","status":"publish","type":"page","link":"https:\/\/www.casadaschaves.com\/?page_id=319","title":{"rendered":"RAL"},"content":{"rendered":"\t\t<div data-elementor-type=\"wp-page\" data-elementor-id=\"319\" class=\"elementor elementor-319\" data-elementor-post-type=\"page\">\n\t\t\t\t<div class=\"elementor-element elementor-element-3f48bcb e-flex e-con-boxed e-con e-parent\" data-id=\"3f48bcb\" data-element_type=\"container\" data-e-type=\"container\">\n\t\t\t\t\t<div class=\"e-con-inner\">\n\t\t\t\t<div class=\"elementor-element elementor-element-676176d elementor-widget elementor-widget-text-editor\" data-id=\"676176d\" data-element_type=\"widget\" data-e-type=\"widget\" data-widget_type=\"text-editor.default\">\n\t\t\t\t<div class=\"elementor-widget-container\">\n\t\t\t\t\t\t\t\t\t<div class=\"item_header\">\n<h2 class=\"item_title\"><span class=\"hlite\">Resolu\u00e7\u00e3o<\/span>\u00a0Alternativa de Lit\u00edgios<\/h2>\n<\/div>\n<div class=\"item_fulltext\">\n<p>Informa\u00e7\u00e3o ao consumidor ao abrigo do disposto no artigo 18\u00ba da Lei n\u00ba 144\/2015, de 8 de setembro.<\/p>\n<p>Informamos que pode, em caso de lit\u00edgio, recorrer \u00e0 seguinte Entidade de Resolu\u00e7\u00e3o Alternativa de Lit\u00edgios de Consumo:<\/p>\n<p class=\"bold\">Entidade de RAL<\/p>\n<p>Centro de Arbitragem de Conflitos de Consumo da Regi\u00e3o de Coimbra<\/p>\n<p class=\"bold\">Endere\u00e7o:<\/p>\n<p>Av. Fern\u00e3o Magalh\u00e3es, 240, 1\u00ba<br \/>3000-172 Coimbra<br \/>Portugal<\/p>\n<p class=\"bold\">Contactos:<\/p>\n<p>Telefone: 239 821 690<br \/>Fax: 239 821 289<br \/>Email:\u00a0<span id=\"cloak268e4bb7327ae6f85d33321fb60e6b4e\"><a class=\"bold\" href=\"mailto:geral@cacrc.pt\">geral@cacrc.pt<\/a><\/span><br \/><a href=\"https:\/\/cacrc.pt\">https:\/\/cacrc.pt<\/a><\/p>\n<p>Para mais informa\u00e7\u00f5es, consulte o\u00a0<a class=\"bold&quot;\" href=\"https:\/\/www.consumidor.gov.pt\/\" target=\"_blank\" rel=\"noopener noreferrer\">Portal do Consumidor<\/a>.<\/p>\n<\/div>\t\t\t\t\t\t\t\t<\/div>\n\t\t\t\t<\/div>\n\t\t\t\t\t<\/div>\n\t\t\t\t<\/div>\n\t\t\t\t<\/div>\n\t\t","protected":false},"excerpt":{"rendered":"<p>Resolu\u00e7\u00e3o\u00a0Alternativa de Lit\u00edgios Informa\u00e7\u00e3o ao consumidor ao abrigo do disposto no artigo 18\u00ba da Lei n\u00ba 144\/2015, de 8 de setembro. Informamos que pode, em caso de lit\u00edgio, recorrer \u00e0 seguinte Entidade de Resolu\u00e7\u00e3o Alternativa de Lit\u00edgios de Consumo: Entidade de RAL Centro de Arbitragem de Conflitos de Consumo da Regi\u00e3o de Coimbra Endere\u00e7o: Av. [&hellip;]<\/p>\n","protected":false},"author":1,"featured_media":0,"parent":0,"menu_order":0,"comment_status":"closed","ping_status":"closed","template":"","meta":{"footnotes":""},"class_list":["post-319","page","type-page","status-publish","hentry"],"_links":{"self":[{"href":"https:\/\/www.casadaschaves.com\/index.php?rest_route=\/wp\/v2\/pages\/319","targetHints":{"allow":["GET"]}}],"collection":[{"href":"https:\/\/www.casadaschaves.com\/index.php?rest_route=\/wp\/v2\/pages"}],"about":[{"href":"https:\/\/www.casadaschaves.com\/index.php?rest_route=\/wp\/v2\/types\/page"}],"author":[{"embeddable":true,"href":"https:\/\/www.casadaschaves.com\/index.php?rest_route=\/wp\/v2\/users\/1"}],"replies":[{"embeddable":true,"href":"https:\/\/www.casadaschaves.com\/index.php?rest_route=%2Fwp%2Fv2%2Fcomments&post=319"}],"version-history":[{"count":4,"href":"https:\/\/www.casadaschaves.com\/index.php?rest_route=\/wp\/v2\/pages\/319\/revisions"}],"predecessor-version":[{"id":325,"href":"https:\/\/www.casadaschaves.com\/index.php?rest_route=\/wp\/v2\/pages\/319\/revisions\/325"}],"wp:attachment":[{"href":"https:\/\/www.casadaschaves.com\/index.php?rest_route=%2Fwp%2Fv2%2Fmedia&parent=319"}],"curies":[{"name":"wp","href":"https:\/\/api.w.org\/{rel}","templated":true}]}}