{"id":271,"date":"2025-08-08T22:17:37","date_gmt":"2025-08-08T22:17:37","guid":{"rendered":"https:\/\/www.casadaschaves.com\/?page_id=271"},"modified":"2025-08-08T22:19:32","modified_gmt":"2025-08-08T22:19:32","slug":"cofres","status":"publish","type":"page","link":"https:\/\/www.casadaschaves.com\/?page_id=271","title":{"rendered":"Cofres"},"content":{"rendered":"\t\t<div data-elementor-type=\"wp-page\" data-elementor-id=\"271\" class=\"elementor elementor-271\" data-elementor-post-type=\"page\">\n\t\t\t\t<div class=\"elementor-element elementor-element-2c764ea5 e-flex e-con-boxed e-con e-parent\" data-id=\"2c764ea5\" data-element_type=\"container\" data-e-type=\"container\">\n\t\t\t\t\t<div class=\"e-con-inner\">\n\t\t<div class=\"elementor-element elementor-element-1f23f18b e-con-full e-flex e-con e-child\" data-id=\"1f23f18b\" data-element_type=\"container\" data-e-type=\"container\">\n\t\t\t\t<div class=\"elementor-element elementor-element-5bf4cd71 elementor-widget elementor-widget-image\" data-id=\"5bf4cd71\" data-element_type=\"widget\" data-e-type=\"widget\" data-widget_type=\"image.default\">\n\t\t\t\t<div class=\"elementor-widget-container\">\n\t\t\t\t\t\t\t\t\t\t\t\t\t\t\t<img fetchpriority=\"high\" decoding=\"async\" width=\"800\" height=\"800\" src=\"https:\/\/www.casadaschaves.com\/wp-content\/uploads\/2025\/08\/6-1-1024x1024.webp\" class=\"attachment-large size-large wp-image-159\" alt=\"\" srcset=\"https:\/\/www.casadaschaves.com\/wp-content\/uploads\/2025\/08\/6-1-1024x1024.webp 1024w, https:\/\/www.casadaschaves.com\/wp-content\/uploads\/2025\/08\/6-1-300x300.webp 300w, https:\/\/www.casadaschaves.com\/wp-content\/uploads\/2025\/08\/6-1-150x150.webp 150w, https:\/\/www.casadaschaves.com\/wp-content\/uploads\/2025\/08\/6-1-768x768.webp 768w, https:\/\/www.casadaschaves.com\/wp-content\/uploads\/2025\/08\/6-1-1536x1536.webp 1536w, https:\/\/www.casadaschaves.com\/wp-content\/uploads\/2025\/08\/6-1-scaled.webp 1920w\" sizes=\"(max-width: 800px) 100vw, 800px\" \/>\t\t\t\t\t\t\t\t\t\t\t\t\t\t\t<\/div>\n\t\t\t\t<\/div>\n\t\t\t\t<\/div>\n\t\t<div class=\"elementor-element elementor-element-1dc6829c e-con-full e-flex e-con e-child\" data-id=\"1dc6829c\" data-element_type=\"container\" data-e-type=\"container\">\n\t\t\t\t<div class=\"elementor-element elementor-element-70cf9caf elementor-widget elementor-widget-text-editor\" data-id=\"70cf9caf\" data-element_type=\"widget\" data-e-type=\"widget\" data-widget_type=\"text-editor.default\">\n\t\t\t\t<div class=\"elementor-widget-container\">\n\t\t\t\t\t\t\t\t\t<h3><b>Cofres: <\/b><\/h3><h3><b>Prote\u00e7\u00e3o M\u00e1xima para os Bens Mais Preciosos<\/b><\/h3><hr \/><p>\u00a0<\/p><p>Os seus objetos de valor merecem a m\u00e1xima seguran\u00e7a. Oferecemos uma gama completa de cofres, desde modelos compactos para uso dom\u00e9stico at\u00e9 solu\u00e7\u00f5es de alta seguran\u00e7a para empresas.<\/p><p>Com uma vasta experi\u00eancia no setor, ajudamo-lo a escolher o cofre ideal, garantindo a sua instala\u00e7\u00e3o de forma profissional e discreta. Se precisa de um cofre para documentos importantes, joias ou valores, temos a solu\u00e7\u00e3o perfeita para si.<\/p><p>Proteja o que mais importa com os nossos cofres. Invista na sua tranquilidade e na seguran\u00e7a dos seus bens.<\/p>\t\t\t\t\t\t\t\t<\/div>\n\t\t\t\t<\/div>\n\t\t<div class=\"elementor-element elementor-element-1bde331c e-con-full e-flex e-con e-child\" data-id=\"1bde331c\" data-element_type=\"container\" data-e-type=\"container\">\n\t\t\t\t<div class=\"elementor-element elementor-element-3b0561c6 elementor-widget elementor-widget-cta\" data-id=\"3b0561c6\" data-element_type=\"widget\" data-e-type=\"widget\" data-settings=\"{&quot;layout_preset&quot;:&quot;streamline&quot;,&quot;content_alignment&quot;:&quot;start&quot;,&quot;content_alignment_tablet&quot;:&quot;center&quot;,&quot;content_alignment_mobile&quot;:&quot;center&quot;,&quot;primary_button_shape&quot;:&quot;default&quot;,&quot;secondary_button_shape&quot;:&quot;default&quot;,&quot;cta_width&quot;:&quot;default&quot;,&quot;cta_position&quot;:&quot;default&quot;,&quot;box_shape&quot;:&quot;sharp&quot;}\" data-widget_type=\"cta.default\">\n\t\t\t\t<div class=\"elementor-widget-container\">\n\t\t\t\t\t\t\t<div class=\"has-shape-sharp shape-type-box ehp-cta has-preset-streamline\">\n\t\t\t<div class=\"ehp-cta__overlay\"><\/div>\n\t\t\t<div class=\"ehp-cta__elements-container\">\n\t\t\t\t\t\t<div class=\"ehp-cta__text-container\">\n\t\t\t\t\t<\/div>\n\t\t\t\t\t<div class=\"ehp-cta__ctas-container has-cta-width-default\">\n\t\t\t\t<div class=\"ehp-cta__buttons-wrapper\">\n\t\t\t\t\t\t\t<a class=\"has-shape-default shape-type-button ehp-button ehp-button--primary ehp-cta__button ehp-cta__button--primary is-type-button\" href=\"https:\/\/www.casadaschaves.com\/?page_id=42\">\n\t\t\t<svg aria-hidden=\"true\" class=\"ehp-button__icon e-font-icon-svg e-fas-phone\" 0=\"ehp-cta__button-icon\" viewBox=\"0 0 512 512\" xmlns=\"http:\/\/www.w3.org\/2000\/svg\"><path d=\"M493.4 24.6l-104-24c-11.3-2.6-22.9 3.3-27.5 13.9l-48 112c-4.2 9.8-1.4 21.3 6.9 28l60.6 49.6c-36 76.7-98.9 140.5-177.2 177.2l-49.6-60.6c-6.8-8.3-18.2-11.1-28-6.9l-112 48C3.9 366.5-2 378.1.6 389.4l24 104C27.1 504.2 36.7 512 48 512c256.1 0 464-207.5 464-464 0-11.2-7.7-20.9-18.6-23.4z\"><\/path><\/svg>\t\t<span class=\"ehp-button__text ehp-cta__button-text ehp-cta__button-text--primary\">\n\t\t\tContatos\t\t\t\t<\/a>\n\t\t\t\t\t\t\t\t\t<a class=\"has-shape-default shape-type-button ehp-button ehp-button--secondary ehp-cta__button ehp-cta__button--secondary is-type-button has-border\" href=\"https:\/\/www.casadaschaves.com\/\">\n\t\t\t<svg aria-hidden=\"true\" class=\"ehp-button__icon e-font-icon-svg e-far-arrow-alt-circle-up\" 0=\"ehp-cta__button-icon\" viewBox=\"0 0 512 512\" xmlns=\"http:\/\/www.w3.org\/2000\/svg\"><path d=\"M256 504c137 0 248-111 248-248S393 8 256 8 8 119 8 256s111 248 248 248zm0-448c110.5 0 200 89.5 200 200s-89.5 200-200 200S56 366.5 56 256 145.5 56 256 56zm20 328h-40c-6.6 0-12-5.4-12-12V256h-67c-10.7 0-16-12.9-8.5-20.5l99-99c4.7-4.7 12.3-4.7 17 0l99 99c7.6 7.6 2.2 20.5-8.5 20.5h-67v116c0 6.6-5.4 12-12 12z\"><\/path><\/svg>\t\t<span class=\"ehp-button__text ehp-cta__button-text ehp-cta__button-text--secondary\">\n\t\t\tServi\u00e7os\t\t\t\t<\/a>\n\t\t\t\t\t\t<\/div>\n\t\t\t<\/div>\n\t\t\t\t\t<\/div>\n\t\t<\/div>\n\t\t\t\t\t\t<\/div>\n\t\t\t\t<\/div>\n\t\t\t\t<\/div>\n\t\t\t\t<\/div>\n\t\t\t\t\t<\/div>\n\t\t\t\t<\/div>\n\t\t\t\t<\/div>\n\t\t","protected":false},"excerpt":{"rendered":"<p>Cofres: Prote\u00e7\u00e3o M\u00e1xima para os Bens Mais Preciosos \u00a0 Os seus objetos de valor merecem a m\u00e1xima seguran\u00e7a. Oferecemos uma gama completa de cofres, desde modelos compactos para uso dom\u00e9stico at\u00e9 solu\u00e7\u00f5es de alta seguran\u00e7a para empresas. Com uma vasta experi\u00eancia no setor, ajudamo-lo a escolher o cofre ideal, garantindo a sua instala\u00e7\u00e3o de forma [&hellip;]<\/p>\n","protected":false},"author":1,"featured_media":0,"parent":0,"menu_order":0,"comment_status":"closed","ping_status":"closed","template":"","meta":{"footnotes":""},"class_list":["post-271","page","type-page","status-publish","hentry"],"_links":{"self":[{"href":"https:\/\/www.casadaschaves.com\/index.php?rest_route=\/wp\/v2\/pages\/271","targetHints":{"allow":["GET"]}}],"collection":[{"href":"https:\/\/www.casadaschaves.com\/index.php?rest_route=\/wp\/v2\/pages"}],"about":[{"href":"https:\/\/www.casadaschaves.com\/index.php?rest_route=\/wp\/v2\/types\/page"}],"author":[{"embeddable":true,"href":"https:\/\/www.casadaschaves.com\/index.php?rest_route=\/wp\/v2\/users\/1"}],"replies":[{"embeddable":true,"href":"https:\/\/www.casadaschaves.com\/index.php?rest_route=%2Fwp%2Fv2%2Fcomments&post=271"}],"version-history":[{"count":4,"href":"https:\/\/www.casadaschaves.com\/index.php?rest_route=\/wp\/v2\/pages\/271\/revisions"}],"predecessor-version":[{"id":275,"href":"https:\/\/www.casadaschaves.com\/index.php?rest_route=\/wp\/v2\/pages\/271\/revisions\/275"}],"wp:attachment":[{"href":"https:\/\/www.casadaschaves.com\/index.php?rest_route=%2Fwp%2Fv2%2Fmedia&parent=271"}],"curies":[{"name":"wp","href":"https:\/\/api.w.org\/{rel}","templated":true}]}}