{"id":249,"date":"2025-08-08T08:24:27","date_gmt":"2025-08-08T08:24:27","guid":{"rendered":"https:\/\/www.casadaschaves.com\/?page_id=249"},"modified":"2025-08-08T08:26:29","modified_gmt":"2025-08-08T08:26:29","slug":"elementor-pagina-249","status":"publish","type":"page","link":"https:\/\/www.casadaschaves.com\/?page_id=249","title":{"rendered":"Fechaduras"},"content":{"rendered":"\t\t<div data-elementor-type=\"wp-page\" data-elementor-id=\"249\" class=\"elementor elementor-249\" data-elementor-post-type=\"page\">\n\t\t\t\t<div class=\"elementor-element elementor-element-56b3766f e-flex e-con-boxed e-con e-parent\" data-id=\"56b3766f\" data-element_type=\"container\" data-e-type=\"container\">\n\t\t\t\t\t<div class=\"e-con-inner\">\n\t\t<div class=\"elementor-element elementor-element-5267efbf e-con-full e-flex e-con e-child\" data-id=\"5267efbf\" data-element_type=\"container\" data-e-type=\"container\">\n\t\t\t\t<div class=\"elementor-element elementor-element-1296bbe1 elementor-widget elementor-widget-image\" data-id=\"1296bbe1\" data-element_type=\"widget\" data-e-type=\"widget\" data-widget_type=\"image.default\">\n\t\t\t\t<div class=\"elementor-widget-container\">\n\t\t\t\t\t\t\t\t\t\t\t\t\t\t\t<img fetchpriority=\"high\" decoding=\"async\" width=\"800\" height=\"800\" src=\"https:\/\/www.casadaschaves.com\/wp-content\/uploads\/2025\/08\/5-1-1024x1024.webp\" class=\"attachment-large size-large wp-image-157\" alt=\"\" srcset=\"https:\/\/www.casadaschaves.com\/wp-content\/uploads\/2025\/08\/5-1-1024x1024.webp 1024w, https:\/\/www.casadaschaves.com\/wp-content\/uploads\/2025\/08\/5-1-300x300.webp 300w, https:\/\/www.casadaschaves.com\/wp-content\/uploads\/2025\/08\/5-1-150x150.webp 150w, https:\/\/www.casadaschaves.com\/wp-content\/uploads\/2025\/08\/5-1-768x768.webp 768w, https:\/\/www.casadaschaves.com\/wp-content\/uploads\/2025\/08\/5-1-1536x1536.webp 1536w, https:\/\/www.casadaschaves.com\/wp-content\/uploads\/2025\/08\/5-1-scaled.webp 1920w\" sizes=\"(max-width: 800px) 100vw, 800px\" \/>\t\t\t\t\t\t\t\t\t\t\t\t\t\t\t<\/div>\n\t\t\t\t<\/div>\n\t\t\t\t<\/div>\n\t\t<div class=\"elementor-element elementor-element-4569700e e-con-full e-flex e-con e-child\" data-id=\"4569700e\" data-element_type=\"container\" data-e-type=\"container\">\n\t\t\t\t<div class=\"elementor-element elementor-element-26d16962 elementor-widget elementor-widget-text-editor\" data-id=\"26d16962\" data-element_type=\"widget\" data-e-type=\"widget\" data-widget_type=\"text-editor.default\">\n\t\t\t\t<div class=\"elementor-widget-container\">\n\t\t\t\t\t\t\t\t\t<h3><b>Fechaduras: <\/b><\/h3><h3><b>A Sua Paz de Esp\u00edrito \u00e9 a Nossa Prioridade<\/b><\/h3><hr \/><p>\u00a0<\/p><p>A seguran\u00e7a da sua casa ou empresa come\u00e7a na fechadura. Dispomos de um vasto portef\u00f3lio de fechaduras e canh\u00f5es de seguran\u00e7a, das mais simples \u00e0s mais sofisticadas, incluindo as de alta seguran\u00e7a.<\/p><p>Trabalhamos com as melhores marcas do mercado para garantir a m\u00e1xima prote\u00e7\u00e3o contra intrus\u00f5es. Se precisa de substituir uma fechadura antiga, instalar uma nova ou atualizar o seu sistema de seguran\u00e7a, a nossa equipa de especialistas est\u00e1 pronta para o ajudar.<\/p><p>Proteja o que mais importa com as nossas solu\u00e7\u00f5es em fechaduras. Invista na sua seguran\u00e7a e durma descansado.<\/p>\t\t\t\t\t\t\t\t<\/div>\n\t\t\t\t<\/div>\n\t\t<div class=\"elementor-element elementor-element-1f703335 e-con-full e-flex e-con e-child\" data-id=\"1f703335\" data-element_type=\"container\" data-e-type=\"container\">\n\t\t\t\t<div class=\"elementor-element elementor-element-35e2a1a5 elementor-widget elementor-widget-cta\" data-id=\"35e2a1a5\" data-element_type=\"widget\" data-e-type=\"widget\" data-settings=\"{&quot;layout_preset&quot;:&quot;streamline&quot;,&quot;content_alignment&quot;:&quot;start&quot;,&quot;content_alignment_tablet&quot;:&quot;center&quot;,&quot;content_alignment_mobile&quot;:&quot;center&quot;,&quot;primary_button_shape&quot;:&quot;default&quot;,&quot;secondary_button_shape&quot;:&quot;default&quot;,&quot;cta_width&quot;:&quot;default&quot;,&quot;cta_position&quot;:&quot;default&quot;,&quot;box_shape&quot;:&quot;sharp&quot;}\" data-widget_type=\"cta.default\">\n\t\t\t\t<div class=\"elementor-widget-container\">\n\t\t\t\t\t\t\t<div class=\"has-shape-sharp shape-type-box ehp-cta has-preset-streamline\">\n\t\t\t<div class=\"ehp-cta__overlay\"><\/div>\n\t\t\t<div class=\"ehp-cta__elements-container\">\n\t\t\t\t\t\t<div class=\"ehp-cta__text-container\">\n\t\t\t\t\t<\/div>\n\t\t\t\t\t<div class=\"ehp-cta__ctas-container has-cta-width-default\">\n\t\t\t\t<div class=\"ehp-cta__buttons-wrapper\">\n\t\t\t\t\t\t\t<a class=\"has-shape-default shape-type-button ehp-button ehp-button--primary ehp-cta__button ehp-cta__button--primary is-type-button\" href=\"https:\/\/www.casadaschaves.com\/?page_id=42\">\n\t\t\t<svg aria-hidden=\"true\" class=\"ehp-button__icon e-font-icon-svg e-fas-phone\" 0=\"ehp-cta__button-icon\" viewBox=\"0 0 512 512\" xmlns=\"http:\/\/www.w3.org\/2000\/svg\"><path d=\"M493.4 24.6l-104-24c-11.3-2.6-22.9 3.3-27.5 13.9l-48 112c-4.2 9.8-1.4 21.3 6.9 28l60.6 49.6c-36 76.7-98.9 140.5-177.2 177.2l-49.6-60.6c-6.8-8.3-18.2-11.1-28-6.9l-112 48C3.9 366.5-2 378.1.6 389.4l24 104C27.1 504.2 36.7 512 48 512c256.1 0 464-207.5 464-464 0-11.2-7.7-20.9-18.6-23.4z\"><\/path><\/svg>\t\t<span class=\"ehp-button__text ehp-cta__button-text ehp-cta__button-text--primary\">\n\t\t\tContatos\t\t\t\t<\/a>\n\t\t\t\t\t\t\t\t\t<a class=\"has-shape-default shape-type-button ehp-button ehp-button--secondary ehp-cta__button ehp-cta__button--secondary is-type-button has-border\" href=\"https:\/\/www.casadaschaves.com\/\">\n\t\t\t<svg aria-hidden=\"true\" class=\"ehp-button__icon e-font-icon-svg e-far-arrow-alt-circle-up\" 0=\"ehp-cta__button-icon\" viewBox=\"0 0 512 512\" xmlns=\"http:\/\/www.w3.org\/2000\/svg\"><path d=\"M256 504c137 0 248-111 248-248S393 8 256 8 8 119 8 256s111 248 248 248zm0-448c110.5 0 200 89.5 200 200s-89.5 200-200 200S56 366.5 56 256 145.5 56 256 56zm20 328h-40c-6.6 0-12-5.4-12-12V256h-67c-10.7 0-16-12.9-8.5-20.5l99-99c4.7-4.7 12.3-4.7 17 0l99 99c7.6 7.6 2.2 20.5-8.5 20.5h-67v116c0 6.6-5.4 12-12 12z\"><\/path><\/svg>\t\t<span class=\"ehp-button__text ehp-cta__button-text ehp-cta__button-text--secondary\">\n\t\t\tServi\u00e7os\t\t\t\t<\/a>\n\t\t\t\t\t\t<\/div>\n\t\t\t<\/div>\n\t\t\t\t\t<\/div>\n\t\t<\/div>\n\t\t\t\t\t\t<\/div>\n\t\t\t\t<\/div>\n\t\t\t\t<\/div>\n\t\t\t\t<\/div>\n\t\t\t\t\t<\/div>\n\t\t\t\t<\/div>\n\t\t\t\t<\/div>\n\t\t","protected":false},"excerpt":{"rendered":"<p>Fechaduras: A Sua Paz de Esp\u00edrito \u00e9 a Nossa Prioridade \u00a0 A seguran\u00e7a da sua casa ou empresa come\u00e7a na fechadura. Dispomos de um vasto portef\u00f3lio de fechaduras e canh\u00f5es de seguran\u00e7a, das mais simples \u00e0s mais sofisticadas, incluindo as de alta seguran\u00e7a. Trabalhamos com as melhores marcas do mercado para garantir a m\u00e1xima prote\u00e7\u00e3o [&hellip;]<\/p>\n","protected":false},"author":1,"featured_media":0,"parent":0,"menu_order":0,"comment_status":"closed","ping_status":"closed","template":"","meta":{"footnotes":""},"class_list":["post-249","page","type-page","status-publish","hentry"],"_links":{"self":[{"href":"https:\/\/www.casadaschaves.com\/index.php?rest_route=\/wp\/v2\/pages\/249","targetHints":{"allow":["GET"]}}],"collection":[{"href":"https:\/\/www.casadaschaves.com\/index.php?rest_route=\/wp\/v2\/pages"}],"about":[{"href":"https:\/\/www.casadaschaves.com\/index.php?rest_route=\/wp\/v2\/types\/page"}],"author":[{"embeddable":true,"href":"https:\/\/www.casadaschaves.com\/index.php?rest_route=\/wp\/v2\/users\/1"}],"replies":[{"embeddable":true,"href":"https:\/\/www.casadaschaves.com\/index.php?rest_route=%2Fwp%2Fv2%2Fcomments&post=249"}],"version-history":[{"count":7,"href":"https:\/\/www.casadaschaves.com\/index.php?rest_route=\/wp\/v2\/pages\/249\/revisions"}],"predecessor-version":[{"id":256,"href":"https:\/\/www.casadaschaves.com\/index.php?rest_route=\/wp\/v2\/pages\/249\/revisions\/256"}],"wp:attachment":[{"href":"https:\/\/www.casadaschaves.com\/index.php?rest_route=%2Fwp%2Fv2%2Fmedia&parent=249"}],"curies":[{"name":"wp","href":"https:\/\/api.w.org\/{rel}","templated":true}]}}