{"id":24,"date":"2025-06-21T02:25:04","date_gmt":"2025-06-21T02:25:04","guid":{"rendered":"https:\/\/www.casadaschaves.com\/?page_id=24"},"modified":"2025-08-22T00:04:26","modified_gmt":"2025-08-22T00:04:26","slug":"home","status":"publish","type":"page","link":"https:\/\/www.casadaschaves.com\/","title":{"rendered":"Home"},"content":{"rendered":"\t\t<div data-elementor-type=\"wp-page\" data-elementor-id=\"24\" class=\"elementor elementor-24\" data-elementor-post-type=\"page\">\n\t\t\t\t<div class=\"elementor-element elementor-element-6392eb65 e-con-full animated-fast e-flex elementor-invisible e-con e-parent\" data-id=\"6392eb65\" data-element_type=\"container\" data-e-type=\"container\" data-settings=\"{&quot;animation&quot;:&quot;fadeIn&quot;}\">\n\t\t<div class=\"elementor-element elementor-element-1f5f44ce e-con-full e-flex e-con e-child\" data-id=\"1f5f44ce\" data-element_type=\"container\" data-e-type=\"container\">\n\t\t<div class=\"elementor-element elementor-element-1309b62 e-grid e-con-full e-con e-child\" data-id=\"1309b62\" data-element_type=\"container\" data-e-type=\"container\">\n\t\t\t\t<div class=\"elementor-element elementor-element-ed2797b elementor-widget elementor-widget-image\" data-id=\"ed2797b\" data-element_type=\"widget\" data-e-type=\"widget\" data-widget_type=\"image.default\">\n\t\t\t\t<div class=\"elementor-widget-container\">\n\t\t\t\t\t\t\t\t\t\t\t\t<figure class=\"wp-caption\">\n\t\t\t\t\t\t\t\t\t\t\t<a href=\"https:\/\/www.casadaschaves.com\/?page_id=208\">\n\t\t\t\t\t\t\t<img decoding=\"async\" width=\"150\" height=\"150\" src=\"https:\/\/www.casadaschaves.com\/wp-content\/uploads\/2025\/08\/4-150x150.png\" class=\"attachment-thumbnail size-thumbnail wp-image-148\" alt=\"\" srcset=\"https:\/\/www.casadaschaves.com\/wp-content\/uploads\/2025\/08\/4-150x150.png 150w, https:\/\/www.casadaschaves.com\/wp-content\/uploads\/2025\/08\/4-300x300.webp 300w, https:\/\/www.casadaschaves.com\/wp-content\/uploads\/2025\/08\/4-1024x1024.webp 1024w, https:\/\/www.casadaschaves.com\/wp-content\/uploads\/2025\/08\/4-768x768.png 768w, https:\/\/www.casadaschaves.com\/wp-content\/uploads\/2025\/08\/4-1536x1536.png 1536w, https:\/\/www.casadaschaves.com\/wp-content\/uploads\/2025\/08\/4-2048x2048.png 2048w, https:\/\/www.casadaschaves.com\/wp-content\/uploads\/2025\/08\/4-scaled.webp 1920w\" sizes=\"(max-width: 150px) 100vw, 150px\" \/>\t\t\t\t\t\t\t\t<\/a>\n\t\t\t\t\t\t\t\t\t\t\t<figcaption class=\"widget-image-caption wp-caption-text\">Duplica\u00e7\u00e3o de Chaves<\/figcaption>\n\t\t\t\t\t\t\t\t\t\t<\/figure>\n\t\t\t\t\t\t\t\t\t<\/div>\n\t\t\t\t<\/div>\n\t\t\t\t<div class=\"elementor-element elementor-element-b016f28 elementor-widget elementor-widget-image\" data-id=\"b016f28\" data-element_type=\"widget\" data-e-type=\"widget\" data-widget_type=\"image.default\">\n\t\t\t\t<div class=\"elementor-widget-container\">\n\t\t\t\t\t\t\t\t\t\t\t\t<figure class=\"wp-caption\">\n\t\t\t\t\t\t\t\t\t\t\t<a href=\"https:\/\/www.casadaschaves.com\/?page_id=224\">\n\t\t\t\t\t\t\t<img decoding=\"async\" width=\"150\" height=\"150\" src=\"https:\/\/www.casadaschaves.com\/wp-content\/uploads\/2025\/08\/3-2-150x150.webp\" class=\"attachment-thumbnail size-thumbnail wp-image-156\" alt=\"\" srcset=\"https:\/\/www.casadaschaves.com\/wp-content\/uploads\/2025\/08\/3-2-150x150.webp 150w, https:\/\/www.casadaschaves.com\/wp-content\/uploads\/2025\/08\/3-2-300x300.webp 300w, https:\/\/www.casadaschaves.com\/wp-content\/uploads\/2025\/08\/3-2-1024x1024.webp 1024w, https:\/\/www.casadaschaves.com\/wp-content\/uploads\/2025\/08\/3-2-768x768.webp 768w, https:\/\/www.casadaschaves.com\/wp-content\/uploads\/2025\/08\/3-2-1536x1536.webp 1536w, https:\/\/www.casadaschaves.com\/wp-content\/uploads\/2025\/08\/3-2-scaled.webp 1920w\" sizes=\"(max-width: 150px) 100vw, 150px\" \/>\t\t\t\t\t\t\t\t<\/a>\n\t\t\t\t\t\t\t\t\t\t\t<figcaption class=\"widget-image-caption wp-caption-text\">Chaves  de Carro<\/figcaption>\n\t\t\t\t\t\t\t\t\t\t<\/figure>\n\t\t\t\t\t\t\t\t\t<\/div>\n\t\t\t\t<\/div>\n\t\t\t\t<div class=\"elementor-element elementor-element-5a27a38 elementor-widget elementor-widget-image\" data-id=\"5a27a38\" data-element_type=\"widget\" data-e-type=\"widget\" data-widget_type=\"image.default\">\n\t\t\t\t<div class=\"elementor-widget-container\">\n\t\t\t\t\t\t\t\t\t\t\t\t<figure class=\"wp-caption\">\n\t\t\t\t\t\t\t\t\t\t\t<a href=\"https:\/\/www.casadaschaves.com\/?page_id=241\">\n\t\t\t\t\t\t\t<img decoding=\"async\" width=\"150\" height=\"150\" src=\"https:\/\/www.casadaschaves.com\/wp-content\/uploads\/2025\/08\/2-1-150x150.webp\" class=\"attachment-thumbnail size-thumbnail wp-image-158\" alt=\"\" srcset=\"https:\/\/www.casadaschaves.com\/wp-content\/uploads\/2025\/08\/2-1-150x150.webp 150w, https:\/\/www.casadaschaves.com\/wp-content\/uploads\/2025\/08\/2-1-300x300.webp 300w, https:\/\/www.casadaschaves.com\/wp-content\/uploads\/2025\/08\/2-1-1024x1024.webp 1024w, https:\/\/www.casadaschaves.com\/wp-content\/uploads\/2025\/08\/2-1-768x768.webp 768w, https:\/\/www.casadaschaves.com\/wp-content\/uploads\/2025\/08\/2-1-1536x1536.webp 1536w, https:\/\/www.casadaschaves.com\/wp-content\/uploads\/2025\/08\/2-1-scaled.webp 1920w\" sizes=\"(max-width: 150px) 100vw, 150px\" \/>\t\t\t\t\t\t\t\t<\/a>\n\t\t\t\t\t\t\t\t\t\t\t<figcaption class=\"widget-image-caption wp-caption-text\">Comandos de Garagem<\/figcaption>\n\t\t\t\t\t\t\t\t\t\t<\/figure>\n\t\t\t\t\t\t\t\t\t<\/div>\n\t\t\t\t<\/div>\n\t\t\t\t<div class=\"elementor-element elementor-element-0ee3e71 elementor-widget elementor-widget-image\" data-id=\"0ee3e71\" data-element_type=\"widget\" data-e-type=\"widget\" data-widget_type=\"image.default\">\n\t\t\t\t<div class=\"elementor-widget-container\">\n\t\t\t\t\t\t\t\t\t\t\t\t<figure class=\"wp-caption\">\n\t\t\t\t\t\t\t\t\t\t\t<a href=\"https:\/\/www.casadaschaves.com\/?page_id=249\">\n\t\t\t\t\t\t\t<img loading=\"lazy\" decoding=\"async\" width=\"150\" height=\"150\" src=\"https:\/\/www.casadaschaves.com\/wp-content\/uploads\/2025\/08\/5-1-150x150.webp\" class=\"attachment-thumbnail size-thumbnail wp-image-157\" alt=\"\" srcset=\"https:\/\/www.casadaschaves.com\/wp-content\/uploads\/2025\/08\/5-1-150x150.webp 150w, https:\/\/www.casadaschaves.com\/wp-content\/uploads\/2025\/08\/5-1-300x300.webp 300w, https:\/\/www.casadaschaves.com\/wp-content\/uploads\/2025\/08\/5-1-1024x1024.webp 1024w, https:\/\/www.casadaschaves.com\/wp-content\/uploads\/2025\/08\/5-1-768x768.webp 768w, https:\/\/www.casadaschaves.com\/wp-content\/uploads\/2025\/08\/5-1-1536x1536.webp 1536w, https:\/\/www.casadaschaves.com\/wp-content\/uploads\/2025\/08\/5-1-scaled.webp 1920w\" sizes=\"(max-width: 150px) 100vw, 150px\" \/>\t\t\t\t\t\t\t\t<\/a>\n\t\t\t\t\t\t\t\t\t\t\t<figcaption class=\"widget-image-caption wp-caption-text\">Fechaduras<\/figcaption>\n\t\t\t\t\t\t\t\t\t\t<\/figure>\n\t\t\t\t\t\t\t\t\t<\/div>\n\t\t\t\t<\/div>\n\t\t\t\t<div class=\"elementor-element elementor-element-5c3f202 elementor-widget elementor-widget-image\" data-id=\"5c3f202\" data-element_type=\"widget\" data-e-type=\"widget\" data-widget_type=\"image.default\">\n\t\t\t\t<div class=\"elementor-widget-container\">\n\t\t\t\t\t\t\t\t\t\t\t\t<figure class=\"wp-caption\">\n\t\t\t\t\t\t\t\t\t\t\t<a href=\"https:\/\/www.casadaschaves.com\/?page_id=260\">\n\t\t\t\t\t\t\t<img loading=\"lazy\" decoding=\"async\" width=\"150\" height=\"150\" src=\"https:\/\/www.casadaschaves.com\/wp-content\/uploads\/2025\/08\/9-1-150x150.png\" class=\"attachment-thumbnail size-thumbnail wp-image-162\" alt=\"\" srcset=\"https:\/\/www.casadaschaves.com\/wp-content\/uploads\/2025\/08\/9-1-150x150.png 150w, https:\/\/www.casadaschaves.com\/wp-content\/uploads\/2025\/08\/9-1-300x300.png 300w, https:\/\/www.casadaschaves.com\/wp-content\/uploads\/2025\/08\/9-1-1024x1024.png 1024w, https:\/\/www.casadaschaves.com\/wp-content\/uploads\/2025\/08\/9-1-768x768.png 768w, https:\/\/www.casadaschaves.com\/wp-content\/uploads\/2025\/08\/9-1-1536x1536.png 1536w, https:\/\/www.casadaschaves.com\/wp-content\/uploads\/2025\/08\/9-1-2048x2048.png 2048w\" sizes=\"(max-width: 150px) 100vw, 150px\" \/>\t\t\t\t\t\t\t\t<\/a>\n\t\t\t\t\t\t\t\t\t\t\t<figcaption class=\"widget-image-caption wp-caption-text\">Abertura de Portas<\/figcaption>\n\t\t\t\t\t\t\t\t\t\t<\/figure>\n\t\t\t\t\t\t\t\t\t<\/div>\n\t\t\t\t<\/div>\n\t\t\t\t<div class=\"elementor-element elementor-element-51e3591 elementor-widget elementor-widget-image\" data-id=\"51e3591\" data-element_type=\"widget\" data-e-type=\"widget\" data-widget_type=\"image.default\">\n\t\t\t\t<div class=\"elementor-widget-container\">\n\t\t\t\t\t\t\t\t\t\t\t\t<figure class=\"wp-caption\">\n\t\t\t\t\t\t\t\t\t\t\t<a href=\"https:\/\/www.casadaschaves.com\/?page_id=271\">\n\t\t\t\t\t\t\t<img loading=\"lazy\" decoding=\"async\" width=\"150\" height=\"150\" src=\"https:\/\/www.casadaschaves.com\/wp-content\/uploads\/2025\/08\/6-1-150x150.webp\" class=\"attachment-thumbnail size-thumbnail wp-image-159\" alt=\"\" srcset=\"https:\/\/www.casadaschaves.com\/wp-content\/uploads\/2025\/08\/6-1-150x150.webp 150w, https:\/\/www.casadaschaves.com\/wp-content\/uploads\/2025\/08\/6-1-300x300.webp 300w, https:\/\/www.casadaschaves.com\/wp-content\/uploads\/2025\/08\/6-1-1024x1024.webp 1024w, https:\/\/www.casadaschaves.com\/wp-content\/uploads\/2025\/08\/6-1-768x768.webp 768w, https:\/\/www.casadaschaves.com\/wp-content\/uploads\/2025\/08\/6-1-1536x1536.webp 1536w, https:\/\/www.casadaschaves.com\/wp-content\/uploads\/2025\/08\/6-1-scaled.webp 1920w\" sizes=\"(max-width: 150px) 100vw, 150px\" \/>\t\t\t\t\t\t\t\t<\/a>\n\t\t\t\t\t\t\t\t\t\t\t<figcaption class=\"widget-image-caption wp-caption-text\">Cofres<\/figcaption>\n\t\t\t\t\t\t\t\t\t\t<\/figure>\n\t\t\t\t\t\t\t\t\t<\/div>\n\t\t\t\t<\/div>\n\t\t\t\t<div class=\"elementor-element elementor-element-dc43337 elementor-widget elementor-widget-image\" data-id=\"dc43337\" data-element_type=\"widget\" data-e-type=\"widget\" data-widget_type=\"image.default\">\n\t\t\t\t<div class=\"elementor-widget-container\">\n\t\t\t\t\t\t\t\t\t\t\t\t<figure class=\"wp-caption\">\n\t\t\t\t\t\t\t\t\t\t\t<a href=\"https:\/\/www.casadaschaves.com\/?page_id=279\">\n\t\t\t\t\t\t\t<img loading=\"lazy\" decoding=\"async\" width=\"150\" height=\"150\" src=\"https:\/\/www.casadaschaves.com\/wp-content\/uploads\/2025\/08\/7-1-150x150.webp\" class=\"attachment-thumbnail size-thumbnail wp-image-160\" alt=\"\" srcset=\"https:\/\/www.casadaschaves.com\/wp-content\/uploads\/2025\/08\/7-1-150x150.webp 150w, https:\/\/www.casadaschaves.com\/wp-content\/uploads\/2025\/08\/7-1-300x300.webp 300w, https:\/\/www.casadaschaves.com\/wp-content\/uploads\/2025\/08\/7-1-1024x1024.webp 1024w, https:\/\/www.casadaschaves.com\/wp-content\/uploads\/2025\/08\/7-1-768x768.webp 768w, https:\/\/www.casadaschaves.com\/wp-content\/uploads\/2025\/08\/7-1-1536x1536.png 1536w, https:\/\/www.casadaschaves.com\/wp-content\/uploads\/2025\/08\/7-1-2048x2048.png 2048w, https:\/\/www.casadaschaves.com\/wp-content\/uploads\/2025\/08\/7-1-scaled.webp 1920w\" sizes=\"(max-width: 150px) 100vw, 150px\" \/>\t\t\t\t\t\t\t\t<\/a>\n\t\t\t\t\t\t\t\t\t\t\t<figcaption class=\"widget-image-caption wp-caption-text\">Servi\u00e7os T\u00e9cnicos<\/figcaption>\n\t\t\t\t\t\t\t\t\t\t<\/figure>\n\t\t\t\t\t\t\t\t\t<\/div>\n\t\t\t\t<\/div>\n\t\t\t\t<div class=\"elementor-element elementor-element-15ddad8 elementor-widget elementor-widget-image\" data-id=\"15ddad8\" data-element_type=\"widget\" data-e-type=\"widget\" data-widget_type=\"image.default\">\n\t\t\t\t<div class=\"elementor-widget-container\">\n\t\t\t\t\t\t\t\t\t\t\t\t<figure class=\"wp-caption\">\n\t\t\t\t\t\t\t\t\t\t\t<a href=\"https:\/\/www.casadaschaves.com\/?page_id=287\">\n\t\t\t\t\t\t\t<img loading=\"lazy\" decoding=\"async\" width=\"150\" height=\"150\" src=\"https:\/\/www.casadaschaves.com\/wp-content\/uploads\/2025\/08\/1-1-150x150.png\" class=\"attachment-thumbnail size-thumbnail wp-image-161\" alt=\"\" srcset=\"https:\/\/www.casadaschaves.com\/wp-content\/uploads\/2025\/08\/1-1-150x150.png 150w, https:\/\/www.casadaschaves.com\/wp-content\/uploads\/2025\/08\/1-1-300x300.png 300w, https:\/\/www.casadaschaves.com\/wp-content\/uploads\/2025\/08\/1-1-1024x1024.png 1024w, https:\/\/www.casadaschaves.com\/wp-content\/uploads\/2025\/08\/1-1-768x768.png 768w, https:\/\/www.casadaschaves.com\/wp-content\/uploads\/2025\/08\/1-1-1536x1536.png 1536w, https:\/\/www.casadaschaves.com\/wp-content\/uploads\/2025\/08\/1-1-2048x2048.png 2048w\" sizes=\"(max-width: 150px) 100vw, 150px\" \/>\t\t\t\t\t\t\t\t<\/a>\n\t\t\t\t\t\t\t\t\t\t\t<figcaption class=\"widget-image-caption wp-caption-text\">Seguran\u00e7a em Casa<\/figcaption>\n\t\t\t\t\t\t\t\t\t\t<\/figure>\n\t\t\t\t\t\t\t\t\t<\/div>\n\t\t\t\t<\/div>\n\t\t\t\t<div class=\"elementor-element elementor-element-ff9d4ce elementor-widget elementor-widget-image\" data-id=\"ff9d4ce\" data-element_type=\"widget\" data-e-type=\"widget\" data-widget_type=\"image.default\">\n\t\t\t\t<div class=\"elementor-widget-container\">\n\t\t\t\t\t\t\t\t\t\t\t\t<figure class=\"wp-caption\">\n\t\t\t\t\t\t\t\t\t\t\t<a href=\"https:\/\/www.casadaschaves.com\/?page_id=295\">\n\t\t\t\t\t\t\t<img loading=\"lazy\" decoding=\"async\" width=\"150\" height=\"150\" src=\"https:\/\/www.casadaschaves.com\/wp-content\/uploads\/2025\/08\/8-1-150x150.png\" class=\"attachment-thumbnail size-thumbnail wp-image-163\" alt=\"\" srcset=\"https:\/\/www.casadaschaves.com\/wp-content\/uploads\/2025\/08\/8-1-150x150.png 150w, https:\/\/www.casadaschaves.com\/wp-content\/uploads\/2025\/08\/8-1-300x300.png 300w, https:\/\/www.casadaschaves.com\/wp-content\/uploads\/2025\/08\/8-1-1024x1024.png 1024w, https:\/\/www.casadaschaves.com\/wp-content\/uploads\/2025\/08\/8-1-768x768.png 768w, https:\/\/www.casadaschaves.com\/wp-content\/uploads\/2025\/08\/8-1-1536x1536.png 1536w, https:\/\/www.casadaschaves.com\/wp-content\/uploads\/2025\/08\/8-1-2048x2048.png 2048w\" sizes=\"(max-width: 150px) 100vw, 150px\" \/>\t\t\t\t\t\t\t\t<\/a>\n\t\t\t\t\t\t\t\t\t\t\t<figcaption class=\"widget-image-caption wp-caption-text\">Servi\u00e7os ao Domic\u00edlio<\/figcaption>\n\t\t\t\t\t\t\t\t\t\t<\/figure>\n\t\t\t\t\t\t\t\t\t<\/div>\n\t\t\t\t<\/div>\n\t\t\t\t<\/div>\n\t\t\t\t<\/div>\n\t\t\t\t<\/div>\n\t\t\t\t<\/div>\n\t\t","protected":false},"excerpt":{"rendered":"<p>Duplica\u00e7\u00e3o de Chaves Chaves de Carro Comandos de Garagem Fechaduras Abertura de Portas Cofres Servi\u00e7os T\u00e9cnicos Seguran\u00e7a em Casa Servi\u00e7os ao Domic\u00edlio<\/p>\n","protected":false},"author":1,"featured_media":0,"parent":0,"menu_order":0,"comment_status":"closed","ping_status":"closed","template":"elementor_header_footer","meta":{"footnotes":""},"class_list":["post-24","page","type-page","status-publish","hentry"],"_links":{"self":[{"href":"https:\/\/www.casadaschaves.com\/index.php?rest_route=\/wp\/v2\/pages\/24","targetHints":{"allow":["GET"]}}],"collection":[{"href":"https:\/\/www.casadaschaves.com\/index.php?rest_route=\/wp\/v2\/pages"}],"about":[{"href":"https:\/\/www.casadaschaves.com\/index.php?rest_route=\/wp\/v2\/types\/page"}],"author":[{"embeddable":true,"href":"https:\/\/www.casadaschaves.com\/index.php?rest_route=\/wp\/v2\/users\/1"}],"replies":[{"embeddable":true,"href":"https:\/\/www.casadaschaves.com\/index.php?rest_route=%2Fwp%2Fv2%2Fcomments&post=24"}],"version-history":[{"count":51,"href":"https:\/\/www.casadaschaves.com\/index.php?rest_route=\/wp\/v2\/pages\/24\/revisions"}],"predecessor-version":[{"id":330,"href":"https:\/\/www.casadaschaves.com\/index.php?rest_route=\/wp\/v2\/pages\/24\/revisions\/330"}],"wp:attachment":[{"href":"https:\/\/www.casadaschaves.com\/index.php?rest_route=%2Fwp%2Fv2%2Fmedia&parent=24"}],"curies":[{"name":"wp","href":"https:\/\/api.w.org\/{rel}","templated":true}]}}