{"id":208,"date":"2025-08-08T01:34:09","date_gmt":"2025-08-08T01:34:09","guid":{"rendered":"https:\/\/www.casadaschaves.com\/?page_id=208"},"modified":"2025-08-08T02:15:08","modified_gmt":"2025-08-08T02:15:08","slug":"duplichaves","status":"publish","type":"page","link":"https:\/\/www.casadaschaves.com\/?page_id=208","title":{"rendered":"DupliChaves"},"content":{"rendered":"\t\t<div data-elementor-type=\"wp-page\" data-elementor-id=\"208\" class=\"elementor elementor-208\" data-elementor-post-type=\"page\">\n\t\t\t\t<div class=\"elementor-element elementor-element-69983af e-flex e-con-boxed e-con e-parent\" data-id=\"69983af\" data-element_type=\"container\" data-e-type=\"container\">\n\t\t\t\t\t<div class=\"e-con-inner\">\n\t\t<div class=\"elementor-element elementor-element-af4d2e6 e-con-full e-flex e-con e-child\" data-id=\"af4d2e6\" data-element_type=\"container\" data-e-type=\"container\">\n\t\t\t\t<div class=\"elementor-element elementor-element-228d7a5 elementor-widget elementor-widget-image\" data-id=\"228d7a5\" data-element_type=\"widget\" data-e-type=\"widget\" data-widget_type=\"image.default\">\n\t\t\t\t<div class=\"elementor-widget-container\">\n\t\t\t\t\t\t\t\t\t\t\t\t\t\t\t<img fetchpriority=\"high\" decoding=\"async\" width=\"800\" height=\"800\" src=\"https:\/\/www.casadaschaves.com\/wp-content\/uploads\/2025\/08\/4-1024x1024.webp\" class=\"attachment-large size-large wp-image-148\" alt=\"\" srcset=\"https:\/\/www.casadaschaves.com\/wp-content\/uploads\/2025\/08\/4-1024x1024.webp 1024w, https:\/\/www.casadaschaves.com\/wp-content\/uploads\/2025\/08\/4-300x300.webp 300w, https:\/\/www.casadaschaves.com\/wp-content\/uploads\/2025\/08\/4-150x150.png 150w, https:\/\/www.casadaschaves.com\/wp-content\/uploads\/2025\/08\/4-768x768.png 768w, https:\/\/www.casadaschaves.com\/wp-content\/uploads\/2025\/08\/4-1536x1536.png 1536w, https:\/\/www.casadaschaves.com\/wp-content\/uploads\/2025\/08\/4-2048x2048.png 2048w, https:\/\/www.casadaschaves.com\/wp-content\/uploads\/2025\/08\/4-scaled.webp 1920w\" sizes=\"(max-width: 800px) 100vw, 800px\" \/>\t\t\t\t\t\t\t\t\t\t\t\t\t\t\t<\/div>\n\t\t\t\t<\/div>\n\t\t\t\t<\/div>\n\t\t<div class=\"elementor-element elementor-element-d29f982 e-con-full e-flex e-con e-child\" data-id=\"d29f982\" data-element_type=\"container\" data-e-type=\"container\">\n\t\t\t\t<div class=\"elementor-element elementor-element-22b7007 elementor-widget elementor-widget-text-editor\" data-id=\"22b7007\" data-element_type=\"widget\" data-e-type=\"widget\" data-widget_type=\"text-editor.default\">\n\t\t\t\t<div class=\"elementor-widget-container\">\n\t\t\t\t\t\t\t\t\t<h3><b>Duplica\u00e7\u00e3o de Chaves:<\/b><\/h3><h3><b> A Sua Chave Reserva, <\/b><b>R\u00e1pida e Perfeita<\/b><\/h3><hr \/><p>\u00a0<\/p><p>Perdeu uma chave ou precisa de uma c\u00f3pia?<\/p><p>A nossa <b>duplica\u00e7\u00e3o de chaves na hora<\/b> \u00e9 a solu\u00e7\u00e3o ideal.<\/p><p>Com <b>equipamentos de ponta<\/b> e profissionais experientes, copiamos qualquer tipo de chave com precis\u00e3o: desde as mais simples \u00e0s de seguran\u00e7a (de pontos, duplo palhet\u00e3o, gorges, entre outras).<\/p><p>Garanta a sua <b>chave reserva<\/b> com a mesma perfei\u00e7\u00e3o da original.<\/p><p>Rapidez e fiabilidade, \u00e9 o que lhe prometemos.<\/p>\t\t\t\t\t\t\t\t<\/div>\n\t\t\t\t<\/div>\n\t\t<div class=\"elementor-element elementor-element-88a24cd e-con-full e-flex e-con e-child\" data-id=\"88a24cd\" data-element_type=\"container\" data-e-type=\"container\">\n\t\t\t\t<div class=\"elementor-element elementor-element-ec05280 elementor-widget elementor-widget-cta\" data-id=\"ec05280\" data-element_type=\"widget\" data-e-type=\"widget\" data-settings=\"{&quot;layout_preset&quot;:&quot;streamline&quot;,&quot;content_alignment&quot;:&quot;start&quot;,&quot;content_alignment_tablet&quot;:&quot;center&quot;,&quot;content_alignment_mobile&quot;:&quot;center&quot;,&quot;primary_button_shape&quot;:&quot;default&quot;,&quot;secondary_button_shape&quot;:&quot;default&quot;,&quot;cta_width&quot;:&quot;default&quot;,&quot;cta_position&quot;:&quot;default&quot;,&quot;box_shape&quot;:&quot;sharp&quot;}\" data-widget_type=\"cta.default\">\n\t\t\t\t<div class=\"elementor-widget-container\">\n\t\t\t\t\t\t\t<div class=\"has-shape-sharp shape-type-box ehp-cta has-preset-streamline\">\n\t\t\t<div class=\"ehp-cta__overlay\"><\/div>\n\t\t\t<div class=\"ehp-cta__elements-container\">\n\t\t\t\t\t\t<div class=\"ehp-cta__text-container\">\n\t\t\t\t\t<\/div>\n\t\t\t\t\t<div class=\"ehp-cta__ctas-container has-cta-width-default\">\n\t\t\t\t<div class=\"ehp-cta__buttons-wrapper\">\n\t\t\t\t\t\t\t<a class=\"has-shape-default shape-type-button ehp-button ehp-button--primary ehp-cta__button ehp-cta__button--primary is-type-button\" href=\"https:\/\/www.casadaschaves.com\/?page_id=42\">\n\t\t\t<svg aria-hidden=\"true\" class=\"ehp-button__icon e-font-icon-svg e-fas-phone\" 0=\"ehp-cta__button-icon\" viewBox=\"0 0 512 512\" xmlns=\"http:\/\/www.w3.org\/2000\/svg\"><path d=\"M493.4 24.6l-104-24c-11.3-2.6-22.9 3.3-27.5 13.9l-48 112c-4.2 9.8-1.4 21.3 6.9 28l60.6 49.6c-36 76.7-98.9 140.5-177.2 177.2l-49.6-60.6c-6.8-8.3-18.2-11.1-28-6.9l-112 48C3.9 366.5-2 378.1.6 389.4l24 104C27.1 504.2 36.7 512 48 512c256.1 0 464-207.5 464-464 0-11.2-7.7-20.9-18.6-23.4z\"><\/path><\/svg>\t\t<span class=\"ehp-button__text ehp-cta__button-text ehp-cta__button-text--primary\">\n\t\t\tContatos\t\t\t\t<\/a>\n\t\t\t\t\t\t\t\t\t<a class=\"has-shape-default shape-type-button ehp-button ehp-button--secondary ehp-cta__button ehp-cta__button--secondary is-type-button has-border\" href=\"https:\/\/www.casadaschaves.com\/\">\n\t\t\t<svg aria-hidden=\"true\" class=\"ehp-button__icon e-font-icon-svg e-far-arrow-alt-circle-up\" 0=\"ehp-cta__button-icon\" viewBox=\"0 0 512 512\" xmlns=\"http:\/\/www.w3.org\/2000\/svg\"><path d=\"M256 504c137 0 248-111 248-248S393 8 256 8 8 119 8 256s111 248 248 248zm0-448c110.5 0 200 89.5 200 200s-89.5 200-200 200S56 366.5 56 256 145.5 56 256 56zm20 328h-40c-6.6 0-12-5.4-12-12V256h-67c-10.7 0-16-12.9-8.5-20.5l99-99c4.7-4.7 12.3-4.7 17 0l99 99c7.6 7.6 2.2 20.5-8.5 20.5h-67v116c0 6.6-5.4 12-12 12z\"><\/path><\/svg>\t\t<span class=\"ehp-button__text ehp-cta__button-text ehp-cta__button-text--secondary\">\n\t\t\tServi\u00e7os\t\t\t\t<\/a>\n\t\t\t\t\t\t<\/div>\n\t\t\t<\/div>\n\t\t\t\t\t<\/div>\n\t\t<\/div>\n\t\t\t\t\t\t<\/div>\n\t\t\t\t<\/div>\n\t\t\t\t<\/div>\n\t\t\t\t<\/div>\n\t\t\t\t\t<\/div>\n\t\t\t\t<\/div>\n\t\t\t\t<\/div>\n\t\t","protected":false},"excerpt":{"rendered":"<p>Duplica\u00e7\u00e3o de Chaves: A Sua Chave Reserva, R\u00e1pida e Perfeita \u00a0 Perdeu uma chave ou precisa de uma c\u00f3pia? A nossa duplica\u00e7\u00e3o de chaves na hora \u00e9 a solu\u00e7\u00e3o ideal. Com equipamentos de ponta e profissionais experientes, copiamos qualquer tipo de chave com precis\u00e3o: desde as mais simples \u00e0s de seguran\u00e7a (de pontos, duplo palhet\u00e3o, [&hellip;]<\/p>\n","protected":false},"author":1,"featured_media":0,"parent":0,"menu_order":0,"comment_status":"closed","ping_status":"closed","template":"","meta":{"footnotes":""},"class_list":["post-208","page","type-page","status-publish","hentry"],"_links":{"self":[{"href":"https:\/\/www.casadaschaves.com\/index.php?rest_route=\/wp\/v2\/pages\/208","targetHints":{"allow":["GET"]}}],"collection":[{"href":"https:\/\/www.casadaschaves.com\/index.php?rest_route=\/wp\/v2\/pages"}],"about":[{"href":"https:\/\/www.casadaschaves.com\/index.php?rest_route=\/wp\/v2\/types\/page"}],"author":[{"embeddable":true,"href":"https:\/\/www.casadaschaves.com\/index.php?rest_route=\/wp\/v2\/users\/1"}],"replies":[{"embeddable":true,"href":"https:\/\/www.casadaschaves.com\/index.php?rest_route=%2Fwp%2Fv2%2Fcomments&post=208"}],"version-history":[{"count":10,"href":"https:\/\/www.casadaschaves.com\/index.php?rest_route=\/wp\/v2\/pages\/208\/revisions"}],"predecessor-version":[{"id":240,"href":"https:\/\/www.casadaschaves.com\/index.php?rest_route=\/wp\/v2\/pages\/208\/revisions\/240"}],"wp:attachment":[{"href":"https:\/\/www.casadaschaves.com\/index.php?rest_route=%2Fwp%2Fv2%2Fmedia&parent=208"}],"curies":[{"name":"wp","href":"https:\/\/api.w.org\/{rel}","templated":true}]}}